{"id":5142,"date":"2022-01-10T12:23:22","date_gmt":"2022-01-10T11:23:22","guid":{"rendered":"https:\/\/median-ks.com\/declaration-de-confidentialite\/"},"modified":"2025-01-08T16:37:32","modified_gmt":"2025-01-08T15:37:32","slug":"declaration-de-confidentialite","status":"publish","type":"page","link":"https:\/\/median-ks.com\/fr\/declaration-de-confidentialite\/","title":{"rendered":"D\u00e9claration de confidentialit\u00e9"},"content":{"rendered":"\t\t<div data-elementor-type=\"wp-page\" data-elementor-id=\"5142\" class=\"elementor elementor-5142 elementor-3\" data-elementor-settings=\"{&quot;ha_cmc_init_switcher&quot;:&quot;no&quot;}\" data-elementor-post-type=\"page\">\n\t\t\t\t\t\t<section class=\"elementor-section elementor-top-section elementor-element elementor-element-28727b4e elementor-section-boxed elementor-section-height-default elementor-section-height-default\" data-id=\"28727b4e\" data-element_type=\"section\" data-e-type=\"section\" data-settings=\"{&quot;_ha_eqh_enable&quot;:false}\">\n\t\t\t\t\t\t<div class=\"elementor-container elementor-column-gap-default\">\n\t\t\t\t\t<div class=\"elementor-column elementor-col-100 elementor-top-column elementor-element elementor-element-6745d956\" data-id=\"6745d956\" data-element_type=\"column\" data-e-type=\"column\">\n\t\t\t<div class=\"elementor-widget-wrap elementor-element-populated\">\n\t\t\t\t\t\t<div class=\"elementor-element elementor-element-20c51e6 elementor-widget elementor-widget-spacer\" data-id=\"20c51e6\" data-element_type=\"widget\" data-e-type=\"widget\" data-widget_type=\"spacer.default\">\n\t\t\t\t<div class=\"elementor-widget-container\">\n\t\t\t\t\t\t\t<div class=\"elementor-spacer\">\n\t\t\t<div class=\"elementor-spacer-inner\"><\/div>\n\t\t<\/div>\n\t\t\t\t\t\t<\/div>\n\t\t\t\t<\/div>\n\t\t\t\t<div class=\"elementor-element elementor-element-d8f46c5 elementor-widget elementor-widget-heading\" data-id=\"d8f46c5\" data-element_type=\"widget\" data-e-type=\"widget\" data-widget_type=\"heading.default\">\n\t\t\t\t<div class=\"elementor-widget-container\">\n\t\t\t\t\t<h1 class=\"elementor-heading-title elementor-size-default\">D\u00e9claration de confidentialit\u00e9<\/h1>\t\t\t\t<\/div>\n\t\t\t\t<\/div>\n\t\t\t\t<div class=\"elementor-element elementor-element-74e0c43c elementor-widget elementor-widget-text-editor\" data-id=\"74e0c43c\" data-element_type=\"widget\" data-e-type=\"widget\" data-widget_type=\"text-editor.default\">\n\t\t\t\t<div class=\"elementor-widget-container\">\n\t\t\t\t\t\t\t\t\t<h2>Fondamentaux<\/h2>\n<p>Cette d\u00e9claration de protection des donn\u00e9es a pour but d&rsquo;informer les utilisateurs de ce site Web sur la nature, l&rsquo;\u00e9tendue et la finalit\u00e9 de la collecte et de l&rsquo;utilisation des donn\u00e9es personnelles par l&rsquo;exploitant du site Web.<\/p>\n<p>MEDIAN Kunststoff Service GmbH<br>Albert-Einstein Stra\u00dfe 1<br>95028 Hof (Saale)<\/p>\n<p>informer.<\/p>\n<p>L&rsquo;exploitant du site Web prend votre protection des donn\u00e9es tr\u00e8s au s\u00e9rieux et traite vos donn\u00e9es personnelles de mani\u00e8re confidentielle et conform\u00e9ment aux dispositions l\u00e9gales. \u00c9tant donn\u00e9 que les nouvelles technologies et le d\u00e9veloppement continu de ce site web peuvent entra\u00eener des modifications de la pr\u00e9sente d\u00e9claration de confidentialit\u00e9, nous vous recommandons de la relire r\u00e9guli\u00e8rement. <\/p>\n<p>Vous trouverez les d\u00e9finitions des termes utilis\u00e9s (par exemple \u00ab\u00a0donn\u00e9es \u00e0 caract\u00e8re personnel\u00a0\u00bb ou \u00ab\u00a0traitement\u00a0\u00bb) \u00e0 l&rsquo;article 4 du RGPD.<\/p>\n<h2>Donn\u00e9es d&rsquo;acc\u00e8s<\/h2>\n<p>En raison de notre int\u00e9r\u00eat l\u00e9gitime (cf. article 6, paragraphe 1, point f. du RGPD), nous, l&rsquo;exploitant du site web ou le fournisseur de la page, collectons des donn\u00e9es sur les acc\u00e8s au site web et les enregistrons en tant que \u00ab\u00a0fichiers journaux du serveur\u00a0\u00bb sur le serveur du site web. Les donn\u00e9es suivantes sont ainsi enregistr\u00e9es : <\/p>\n<ul>\n<li>\n<p>Site web visit\u00e9<\/p>\n<\/li>\n<li>\n<p>Heure au moment de l&rsquo;acc\u00e8s<\/p>\n<\/li>\n<li>\n<p>Quantit\u00e9 de donn\u00e9es envoy\u00e9es en octets<\/p>\n<\/li>\n<li>\n<p>Source\/r\u00e9f\u00e9rence \u00e0 partir de laquelle vous avez acc\u00e9d\u00e9 \u00e0 la page<\/p>\n<\/li>\n<li>\n<p>Navigateur utilis\u00e9<\/p>\n<\/li>\n<li>\n<p>Syst\u00e8me d&rsquo;exploitation utilis\u00e9<\/p>\n<\/li>\n<li>\n<p>Adresse IP utilis\u00e9e<\/p>\n<\/li>\n<\/ul>\n<p>Les fichiers journaux du serveur sont stock\u00e9s pendant un maximum de 7 jours et sont ensuite supprim\u00e9s. Le stockage des donn\u00e9es est effectu\u00e9 pour des raisons de s\u00e9curit\u00e9, par exemple pour pouvoir \u00e9lucider des cas d&rsquo;abus. Si des donn\u00e9es doivent \u00eatre conserv\u00e9es pour des raisons de preuve, elles ne sont pas supprim\u00e9es tant que l&rsquo;incident n&rsquo;est pas d\u00e9finitivement r\u00e9solu.  <\/p>\n<h2>Mesure d&rsquo;audience &amp; cookies<\/h2>\n<p>Ce site web utilise des cookies pour la mesure d&rsquo;audience pseudonymis\u00e9e, qui sont transmis au navigateur de l&rsquo;utilisateur soit par notre serveur, soit par le serveur d&rsquo;un tiers. Les cookies sont de petits fichiers qui sont stock\u00e9s sur votre terminal. Votre navigateur acc\u00e8de \u00e0 ces fichiers. L&rsquo;utilisation de cookies am\u00e9liore la convivialit\u00e9 et la s\u00e9curit\u00e9 de ce site.   <\/p>\n<p>Si vous ne souhaitez pas que des cookies de mesure d&rsquo;audience soient enregistr\u00e9s sur votre terminal, vous pouvez vous opposer \u00e0 l&rsquo;utilisation de ces fichiers ici :<\/p>\n<ul>\n<li>\n<p>Page de d\u00e9sactivation des cookies de l&rsquo;initiative de publicit\u00e9 en r\u00e9seau :&nbsp;<a href=\"http:\/\/optout.networkadvertising.org\/?c=1#!\/\" target=\"_blank\" rel=\"noopener\">http:\/\/optout.networkadvertising.org\/?c=1#!\/<\/a><\/p>\n<\/li>\n<li>\n<p>Page de d\u00e9sactivation des cookies du site am\u00e9ricain :&nbsp;<a href=\"http:\/\/optout.aboutads.info\/?c=2#!\/\" target=\"_blank\" rel=\"noopener\">http:\/\/optout.aboutads.info\/?c=2#!\/<\/a><\/p>\n<\/li>\n<li>\n<p>Page de d\u00e9sactivation des cookies du site europ\u00e9en :&nbsp;<a href=\"http:\/\/optout.networkadvertising.org\/?c=1#!\/\" target=\"_blank\" rel=\"noopener\">http:\/\/optout.networkadvertising.org\/?c=1#!\/<\/a><\/p>\n<\/li>\n<\/ul>\n<p>Les navigateurs les plus courants proposent une option de configuration permettant de refuser les cookies. Remarque : il n&rsquo;est pas garanti que vous puissiez acc\u00e9der \u00e0 toutes les fonctions de ce site web sans restrictions si vous choisissez de le faire. <\/p>\n<h2>Collecte et traitement des donn\u00e9es \u00e0 caract\u00e8re personnel<\/h2>\n<p>L&rsquo;exploitant du site web ne collecte, n&rsquo;utilise et ne transmet vos donn\u00e9es personnelles que si cela est autoris\u00e9 dans le cadre l\u00e9gal ou si vous consentez \u00e0 la collecte de donn\u00e9es.<\/p>\n<p>Les donn\u00e9es personnelles sont toutes les informations qui permettent de vous identifier et qui peuvent \u00eatre retrac\u00e9es jusqu&rsquo;\u00e0 vous &#8211; par exemple votre nom, votre adresse \u00e9lectronique et votre num\u00e9ro de t\u00e9l\u00e9phone.<\/p>\n<p>Vous pouvez \u00e9galement visiter ce site web sans fournir d&rsquo;informations sur votre personne. Toutefois, afin d&rsquo;am\u00e9liorer notre offre en ligne, nous enregistrons (sans r\u00e9f\u00e9rence personnelle) vos donn\u00e9es d&rsquo;acc\u00e8s \u00e0 ce site web. Ces donn\u00e9es d&rsquo;acc\u00e8s comprennent par exemple le fichier que vous avez demand\u00e9 ou le nom de votre fournisseur d&rsquo;acc\u00e8s Internet. L&rsquo;anonymisation des donn\u00e9es ne permet pas de vous identifier.   <\/p>\n<p>Lors de la prise de contact via le formulaire, certaines donn\u00e9es personnelles sont collect\u00e9es (nom, e-mail, message individuel). En envoyant le message \u00e0 &nbsp;<a href=\"mailto:info@median-ks.com\" target=\"_self\">info@median-ks.com&nbsp;<\/a><a href=\"mailto:info@median-ks.com\" target=\"_self\">vous acceptez le traitement des donn\u00e9es. &nbsp;<\/a><\/p>\n<h2>Droits de l&rsquo;utilisateur<\/h2>\n<p>En tant qu&rsquo;utilisateur, vous avez le droit d&rsquo;obtenir gratuitement, sur demande, des informations sur les donn\u00e9es \u00e0 caract\u00e8re personnel vous concernant qui ont \u00e9t\u00e9 enregistr\u00e9es. Vous avez \u00e9galement le droit de faire rectifier des donn\u00e9es erron\u00e9es et de faire limiter ou supprimer le traitement de vos donn\u00e9es personnelles. Le cas \u00e9ch\u00e9ant, vous pouvez \u00e9galement faire valoir votre droit \u00e0 la portabilit\u00e9 des donn\u00e9es. Si vous pensez que vos donn\u00e9es ont \u00e9t\u00e9 trait\u00e9es ill\u00e9galement, vous pouvez d\u00e9poser une plainte aupr\u00e8s de l&rsquo;autorit\u00e9 de contr\u00f4le comp\u00e9tente.   <\/p>\n<p>Suppression des donn\u00e9es<\/p>\n<p>Si votre demande n&rsquo;entre pas en conflit avec une obligation l\u00e9gale de conservation des donn\u00e9es (par exemple, la conservation des donn\u00e9es), vous avez le droit de demander la suppression de vos donn\u00e9es. Les donn\u00e9es que nous conservons seront supprim\u00e9es si elles ne sont plus n\u00e9cessaires \u00e0 leur finalit\u00e9 et s&rsquo;il n&rsquo;existe pas de p\u00e9riode de conservation l\u00e9gale. Si l&rsquo;effacement ne peut pas \u00eatre effectu\u00e9 parce que les donn\u00e9es sont n\u00e9cessaires \u00e0 des fins l\u00e9gales autoris\u00e9es, le traitement des donn\u00e9es sera limit\u00e9. Dans ce cas, les donn\u00e9es sont bloqu\u00e9es et ne sont pas trait\u00e9es \u00e0 d&rsquo;autres fins.   <\/p>\n<h2>Droit d&rsquo;opposition<\/h2>\n<p>Les utilisateurs de ce site web peuvent exercer leur droit d&rsquo;opposition et s&rsquo;opposer \u00e0 tout moment au traitement de leurs donn\u00e9es personnelles.<\/p>\n<p>Si vous souhaitez corriger, bloquer, supprimer ou obtenir des informations sur les donn\u00e9es personnelles enregistr\u00e9es vous concernant, ou si vous avez des questions concernant la collecte, le traitement ou l&rsquo;utilisation de vos donn\u00e9es personnelles, ou si vous souhaitez r\u00e9voquer des autorisations accord\u00e9es, veuillez vous adresser \u00e0 l&rsquo;adresse e-mail suivante : <a href=\"mailto:kontakt@median-ks.com\" data-auto-recognition=\"true\">kontakt@median-ks.com<\/a><\/p>\t\t\t\t\t\t\t\t<\/div>\n\t\t\t\t<\/div>\n\t\t\t\t\t<\/div>\n\t\t<\/div>\n\t\t\t\t\t<\/div>\n\t\t<\/section>\n\t\t\t\t<section class=\"elementor-section elementor-top-section elementor-element elementor-element-4f2513a elementor-section-boxed elementor-section-height-default elementor-section-height-default\" data-id=\"4f2513a\" data-element_type=\"section\" data-e-type=\"section\" data-settings=\"{&quot;_ha_eqh_enable&quot;:false}\">\n\t\t\t\t\t\t<div class=\"elementor-container elementor-column-gap-default\">\n\t\t\t\t\t<div class=\"elementor-column elementor-col-100 elementor-top-column elementor-element elementor-element-9690e40\" data-id=\"9690e40\" data-element_type=\"column\" data-e-type=\"column\">\n\t\t\t<div class=\"elementor-widget-wrap elementor-element-populated\">\n\t\t\t\t\t\t<div class=\"elementor-element elementor-element-fc9a6a4 elementor-widget elementor-widget-spacer\" data-id=\"fc9a6a4\" data-element_type=\"widget\" data-e-type=\"widget\" data-widget_type=\"spacer.default\">\n\t\t\t\t<div class=\"elementor-widget-container\">\n\t\t\t\t\t\t\t<div class=\"elementor-spacer\">\n\t\t\t<div class=\"elementor-spacer-inner\"><\/div>\n\t\t<\/div>\n\t\t\t\t\t\t<\/div>\n\t\t\t\t<\/div>\n\t\t\t\t\t<\/div>\n\t\t<\/div>\n\t\t\t\t\t<\/div>\n\t\t<\/section>\n\t\t\t\t<\/div>\n\t\t","protected":false},"excerpt":{"rendered":"<p>D\u00e9claration de confidentialit\u00e9 Fondamentaux Cette d\u00e9claration de protection des donn\u00e9es a pour but d&rsquo;informer les utilisateurs de ce site Web sur la nature, l&rsquo;\u00e9tendue et la finalit\u00e9 de la collecte et de l&rsquo;utilisation des donn\u00e9es personnelles par l&rsquo;exploitant du site Web. MEDIAN Kunststoff Service GmbHAlbert-Einstein Stra\u00dfe 195028 Hof (Saale) informer. L&rsquo;exploitant du site Web prend [&hellip;]<\/p>\n","protected":false},"author":1,"featured_media":0,"parent":0,"menu_order":0,"comment_status":"closed","ping_status":"open","template":"","meta":{"footnotes":""},"class_list":["post-5142","page","type-page","status-publish","hentry"],"_links":{"self":[{"href":"https:\/\/median-ks.com\/fr\/wp-json\/wp\/v2\/pages\/5142","targetHints":{"allow":["GET"]}}],"collection":[{"href":"https:\/\/median-ks.com\/fr\/wp-json\/wp\/v2\/pages"}],"about":[{"href":"https:\/\/median-ks.com\/fr\/wp-json\/wp\/v2\/types\/page"}],"author":[{"embeddable":true,"href":"https:\/\/median-ks.com\/fr\/wp-json\/wp\/v2\/users\/1"}],"replies":[{"embeddable":true,"href":"https:\/\/median-ks.com\/fr\/wp-json\/wp\/v2\/comments?post=5142"}],"version-history":[{"count":2,"href":"https:\/\/median-ks.com\/fr\/wp-json\/wp\/v2\/pages\/5142\/revisions"}],"predecessor-version":[{"id":5144,"href":"https:\/\/median-ks.com\/fr\/wp-json\/wp\/v2\/pages\/5142\/revisions\/5144"}],"wp:attachment":[{"href":"https:\/\/median-ks.com\/fr\/wp-json\/wp\/v2\/media?parent=5142"}],"curies":[{"name":"wp","href":"https:\/\/api.w.org\/{rel}","templated":true}]}}